{"id":391,"date":"2018-11-15T09:00:22","date_gmt":"2018-11-15T09:00:22","guid":{"rendered":"https:\/\/demo.everestthemes.com\/everestnews\/demo\/everest-news-pro-i\/?page_id=391"},"modified":"2025-11-04T11:41:03","modified_gmt":"2025-11-04T14:41:03","slug":"morgan-howen","status":"publish","type":"page","link":"https:\/\/www.nwjlocacoes.com.br\/?page_id=391","title":{"rendered":"Banheiros Qu\u00edmicos"},"content":{"rendered":"\n\n<p><strong>A NWJ Loca\u00e7\u00f5es<\/strong> oferece solu\u00e7\u00f5es pr\u00e1ticas e higi\u00eanicas em <strong>banheiros qu\u00edmicos<\/strong>, ideais para eventos, obras e ambientes tempor\u00e1rios que exigem conforto e qualidade.<\/p>\n\n<hr \/>\n\n<h3>\ud83e\uddf1 Modelos Dispon\u00edveis<\/h3>\n<p>Contamos com diferentes op\u00e7\u00f5es para atender cada necessidade:<\/p>\n\n<ul>\n  <li><strong>Banheiro VIP:<\/strong> equipado com pia interna, mict\u00f3rio, papeleira, saboneteira e porta papel toalha, proporcionando mais conforto e praticidade.<\/li>\n  <li><strong>Banheiro Standard (Kit externo):<\/strong> possui pia externa, porta papel toalha e porta sabonete, ideal para uso em obras e eventos de curta dura\u00e7\u00e3o.<\/li>\n  <li><strong>Modelo com Acessibilidade:<\/strong> projetado para oferecer acesso f\u00e1cil e seguro a pessoas com mobilidade reduzida, atendendo \u00e0s normas de acessibilidade. (SOB CONSULTA) <\/li>\n<\/ul>\n\n<hr \/>\n\n<h3>\ud83e\uddfc Manuten\u00e7\u00e3o e Higieniza\u00e7\u00e3o<\/h3>\n<p>Realizamos manuten\u00e7\u00e3o e limpeza peri\u00f3dica durante a loca\u00e7\u00e3o, garantindo higiene e funcionamento adequado.<br>\n<strong>Importante:<\/strong> o servi\u00e7o <strong>n\u00e3o inclui limpeza de fossa.<\/strong><\/p>\n\n<hr \/>\n\n<h3>\ud83d\udcc5 Condi\u00e7\u00f5es de Loca\u00e7\u00e3o<\/h3>\n<p>Oferecemos op\u00e7\u00f5es de <strong>loca\u00e7\u00e3o di\u00e1ria ou mensal<\/strong>, conforme a necessidade do cliente.<br>\nOs valores podem variar <strong>de acordo com a localiza\u00e7\u00e3o e tipo de uso<\/strong> (eventos ou obras).<\/p>\n\n<hr \/>\n\n<h3>\u2699\ufe0f Personaliza\u00e7\u00e3o e Equipamentos Opcionais<\/h3>\n<p>\u00c9 poss\u00edvel <strong>personalizar os banheiros com equipamentos adicionais<\/strong>, como <strong>chuveiros e caixas d\u2019\u00e1gua<\/strong>, proporcionando mais comodidade para o usu\u00e1rio.<br>\n<strong>Obs.:<\/strong> n\u00e3o \u00e9 poss\u00edvel personalizar com adesivos ou logotipos de empresas.<\/p>\n\n<hr \/>\n\n<h3>\ud83c\udfa8 Cores Dispon\u00edveis<\/h3>\n<p>Os banheiros est\u00e3o dispon\u00edveis nas cores <strong>azul e laranja<\/strong>, com visual moderno e estrutura resistente.<\/p>\n\n\n<div class=\"wp-block-buttons is-content-justification-center is-layout-flex wp-container-core-buttons-is-layout-749adb30 wp-block-buttons-is-layout-flex\">\n<div class=\"wp-block-button is-style-outline is-style-outline--1\"><a class=\"wp-block-button__link has-kubio-color-3-background-color has-background has-text-align-center wp-element-button\" href=\"https:\/\/wa.me\/5562999933434?text=Ol%C3%A1%20vim%20pelo%20site%20gostaria%20de%20um%20or%C3%A7amento\">Fa\u00e7a um Or\u00e7amento<\/a><\/div>\n<\/div>\n\n\n\n\n\n<figure class=\"wp-block-gallery has-nested-images columns-default is-cropped wp-block-gallery-2 is-layout-flex wp-block-gallery-is-layout-flex\">\n<figure class=\"wp-block-image size-large is-style-default\"><img loading=\"lazy\" decoding=\"async\" width=\"819\" height=\"1024\" data-id=\"797\" src=\"https:\/\/nwjlocacoes.com.br\/wp-content\/uploads\/2025\/10\/29-07-2025-819x1024.png\" alt=\"\" class=\"wp-image-797\" srcset=\"https:\/\/www.nwjlocacoes.com.br\/wp-content\/uploads\/2025\/10\/29-07-2025-819x1024.png 819w, https:\/\/www.nwjlocacoes.com.br\/wp-content\/uploads\/2025\/10\/29-07-2025-240x300.png 240w, https:\/\/www.nwjlocacoes.com.br\/wp-content\/uploads\/2025\/10\/29-07-2025-768x960.png 768w, https:\/\/www.nwjlocacoes.com.br\/wp-content\/uploads\/2025\/10\/29-07-2025.png 1080w\" sizes=\"(max-width: 819px) 100vw, 819px\" \/><\/figure>\n\n\n\n<figure class=\"wp-block-image size-large\"><img loading=\"lazy\" decoding=\"async\" width=\"822\" height=\"1024\" data-id=\"795\" src=\"https:\/\/nwjlocacoes.com.br\/wp-content\/uploads\/2025\/10\/14-08-2025-04-822x1024.jpg\" alt=\"\" class=\"wp-image-795\" srcset=\"https:\/\/www.nwjlocacoes.com.br\/wp-content\/uploads\/2025\/10\/14-08-2025-04-822x1024.jpg 822w, https:\/\/www.nwjlocacoes.com.br\/wp-content\/uploads\/2025\/10\/14-08-2025-04-241x300.jpg 241w, https:\/\/www.nwjlocacoes.com.br\/wp-content\/uploads\/2025\/10\/14-08-2025-04-768x957.jpg 768w, https:\/\/www.nwjlocacoes.com.br\/wp-content\/uploads\/2025\/10\/14-08-2025-04.jpg 1080w\" sizes=\"(max-width: 822px) 100vw, 822px\" \/><\/figure>\n\n\n\n<figure class=\"wp-block-image size-large\"><img loading=\"lazy\" decoding=\"async\" width=\"822\" height=\"1024\" data-id=\"793\" src=\"https:\/\/nwjlocacoes.com.br\/wp-content\/uploads\/2025\/10\/14-08-2025-02-1-822x1024.jpg\" alt=\"\" class=\"wp-image-793\" srcset=\"https:\/\/www.nwjlocacoes.com.br\/wp-content\/uploads\/2025\/10\/14-08-2025-02-1-822x1024.jpg 822w, https:\/\/www.nwjlocacoes.com.br\/wp-content\/uploads\/2025\/10\/14-08-2025-02-1-241x300.jpg 241w, https:\/\/www.nwjlocacoes.com.br\/wp-content\/uploads\/2025\/10\/14-08-2025-02-1-768x957.jpg 768w, https:\/\/www.nwjlocacoes.com.br\/wp-content\/uploads\/2025\/10\/14-08-2025-02-1.jpg 1080w\" sizes=\"(max-width: 822px) 100vw, 822px\" \/><\/figure>\n\n\n\n<figure class=\"wp-block-image size-large\"><img loading=\"lazy\" decoding=\"async\" width=\"822\" height=\"1024\" data-id=\"794\" src=\"https:\/\/nwjlocacoes.com.br\/wp-content\/uploads\/2025\/10\/14-08-2025-03-822x1024.jpg\" alt=\"\" class=\"wp-image-794\" srcset=\"https:\/\/www.nwjlocacoes.com.br\/wp-content\/uploads\/2025\/10\/14-08-2025-03-822x1024.jpg 822w, https:\/\/www.nwjlocacoes.com.br\/wp-content\/uploads\/2025\/10\/14-08-2025-03-241x300.jpg 241w, https:\/\/www.nwjlocacoes.com.br\/wp-content\/uploads\/2025\/10\/14-08-2025-03-768x957.jpg 768w, https:\/\/www.nwjlocacoes.com.br\/wp-content\/uploads\/2025\/10\/14-08-2025-03.jpg 1080w\" sizes=\"(max-width: 822px) 100vw, 822px\" \/><\/figure>\n\n\n\n<figure class=\"wp-block-image size-large\"><img loading=\"lazy\" decoding=\"async\" width=\"822\" height=\"1024\" data-id=\"792\" src=\"https:\/\/nwjlocacoes.com.br\/wp-content\/uploads\/2025\/10\/14-08-2025-01-1-822x1024.jpg\" alt=\"\" class=\"wp-image-792\" srcset=\"https:\/\/www.nwjlocacoes.com.br\/wp-content\/uploads\/2025\/10\/14-08-2025-01-1-822x1024.jpg 822w, https:\/\/www.nwjlocacoes.com.br\/wp-content\/uploads\/2025\/10\/14-08-2025-01-1-241x300.jpg 241w, https:\/\/www.nwjlocacoes.com.br\/wp-content\/uploads\/2025\/10\/14-08-2025-01-1-768x957.jpg 768w, https:\/\/www.nwjlocacoes.com.br\/wp-content\/uploads\/2025\/10\/14-08-2025-01-1.jpg 1080w\" sizes=\"(max-width: 822px) 100vw, 822px\" \/><\/figure>\n<\/figure>\n","protected":false},"excerpt":{"rendered":"<p>A NWJ Loca\u00e7\u00f5es oferece solu\u00e7\u00f5es pr\u00e1ticas e higi\u00eanicas em banheiros qu\u00edmicos, ideais para eventos, obras e ambientes tempor\u00e1rios que exigem conforto e qualidade. \ud83e\uddf1 Modelos Dispon\u00edveis Contamos com diferentes op\u00e7\u00f5es para atender cada necessidade: Banheiro VIP: equipado com pia interna, mict\u00f3rio, papeleira, saboneteira e porta papel toalha, proporcionando mais conforto e praticidade. Banheiro Standard (Kit [&hellip;]<\/p>\n","protected":false},"author":1,"featured_media":787,"parent":0,"menu_order":0,"comment_status":"closed","ping_status":"closed","template":"","meta":{"saved_in_kubio":true,"_joinchat":[],"footnotes":""},"class_list":["post-391","page","type-page","status-publish","has-post-thumbnail","hentry"],"kubio_ai_page_context":{"short_desc":"","purpose":"general"},"_links":{"self":[{"href":"https:\/\/www.nwjlocacoes.com.br\/index.php?rest_route=\/wp\/v2\/pages\/391","targetHints":{"allow":["GET"]}}],"collection":[{"href":"https:\/\/www.nwjlocacoes.com.br\/index.php?rest_route=\/wp\/v2\/pages"}],"about":[{"href":"https:\/\/www.nwjlocacoes.com.br\/index.php?rest_route=\/wp\/v2\/types\/page"}],"author":[{"embeddable":true,"href":"https:\/\/www.nwjlocacoes.com.br\/index.php?rest_route=\/wp\/v2\/users\/1"}],"replies":[{"embeddable":true,"href":"https:\/\/www.nwjlocacoes.com.br\/index.php?rest_route=%2Fwp%2Fv2%2Fcomments&post=391"}],"version-history":[{"count":24,"href":"https:\/\/www.nwjlocacoes.com.br\/index.php?rest_route=\/wp\/v2\/pages\/391\/revisions"}],"predecessor-version":[{"id":1173,"href":"https:\/\/www.nwjlocacoes.com.br\/index.php?rest_route=\/wp\/v2\/pages\/391\/revisions\/1173"}],"wp:featuredmedia":[{"embeddable":true,"href":"https:\/\/www.nwjlocacoes.com.br\/index.php?rest_route=\/wp\/v2\/media\/787"}],"wp:attachment":[{"href":"https:\/\/www.nwjlocacoes.com.br\/index.php?rest_route=%2Fwp%2Fv2%2Fmedia&parent=391"}],"curies":[{"name":"wp","href":"https:\/\/api.w.org\/{rel}","templated":true}]}}